{"id":432,"date":"2026-03-04T15:33:57","date_gmt":"2026-03-04T14:33:57","guid":{"rendered":"https:\/\/katicatanya2.fmfejlesztes.hu\/?page_id=432"},"modified":"2026-03-04T15:33:59","modified_gmt":"2026-03-04T14:33:59","slug":"online-szallasfoglalasi-feltetelek","status":"publish","type":"page","link":"https:\/\/katicatanya2.fmfejlesztes.hu\/en\/online-szallasfoglalasi-feltetelek\/","title":{"rendered":"Online sz\u00e1ll\u00e1sfoglal\u00e1si felt\u00e9telek"},"content":{"rendered":"","protected":false},"excerpt":{"rendered":"","protected":false},"author":1,"featured_media":0,"parent":0,"menu_order":0,"comment_status":"closed","ping_status":"closed","template":"","meta":{"_acf_changed":false,"footnotes":""},"class_list":["post-432","page","type-page","status-publish","hentry"],"acf":[],"_links":{"self":[{"href":"https:\/\/katicatanya2.fmfejlesztes.hu\/en\/wp-json\/wp\/v2\/pages\/432","targetHints":{"allow":["GET"]}}],"collection":[{"href":"https:\/\/katicatanya2.fmfejlesztes.hu\/en\/wp-json\/wp\/v2\/pages"}],"about":[{"href":"https:\/\/katicatanya2.fmfejlesztes.hu\/en\/wp-json\/wp\/v2\/types\/page"}],"author":[{"embeddable":true,"href":"https:\/\/katicatanya2.fmfejlesztes.hu\/en\/wp-json\/wp\/v2\/users\/1"}],"replies":[{"embeddable":true,"href":"https:\/\/katicatanya2.fmfejlesztes.hu\/en\/wp-json\/wp\/v2\/comments?post=432"}],"version-history":[{"count":1,"href":"https:\/\/katicatanya2.fmfejlesztes.hu\/en\/wp-json\/wp\/v2\/pages\/432\/revisions"}],"predecessor-version":[{"id":433,"href":"https:\/\/katicatanya2.fmfejlesztes.hu\/en\/wp-json\/wp\/v2\/pages\/432\/revisions\/433"}],"wp:attachment":[{"href":"https:\/\/katicatanya2.fmfejlesztes.hu\/en\/wp-json\/wp\/v2\/media?parent=432"}],"curies":[{"name":"wp","href":"https:\/\/api.w.org\/{rel}","templated":true}]}}