{"id":3441,"date":"2026-04-02T14:28:05","date_gmt":"2026-04-02T12:28:05","guid":{"rendered":"https:\/\/katicatanya2.fmfejlesztes.hu\/?page_id=3441"},"modified":"2026-04-02T14:28:08","modified_gmt":"2026-04-02T12:28:08","slug":"tobb-napos-csaladi-kikapcsolodas","status":"publish","type":"page","link":"https:\/\/katicatanya2.fmfejlesztes.hu\/en\/tobb-napos-csaladi-kikapcsolodas\/","title":{"rendered":"T\u00f6bb napos csal\u00e1di kikapcsol\u00f3d\u00e1s"},"content":{"rendered":"","protected":false},"excerpt":{"rendered":"","protected":false},"author":1,"featured_media":0,"parent":0,"menu_order":0,"comment_status":"closed","ping_status":"closed","template":"","meta":{"_acf_changed":false,"footnotes":""},"class_list":["post-3441","page","type-page","status-publish","hentry"],"acf":[],"_links":{"self":[{"href":"https:\/\/katicatanya2.fmfejlesztes.hu\/en\/wp-json\/wp\/v2\/pages\/3441","targetHints":{"allow":["GET"]}}],"collection":[{"href":"https:\/\/katicatanya2.fmfejlesztes.hu\/en\/wp-json\/wp\/v2\/pages"}],"about":[{"href":"https:\/\/katicatanya2.fmfejlesztes.hu\/en\/wp-json\/wp\/v2\/types\/page"}],"author":[{"embeddable":true,"href":"https:\/\/katicatanya2.fmfejlesztes.hu\/en\/wp-json\/wp\/v2\/users\/1"}],"replies":[{"embeddable":true,"href":"https:\/\/katicatanya2.fmfejlesztes.hu\/en\/wp-json\/wp\/v2\/comments?post=3441"}],"version-history":[{"count":1,"href":"https:\/\/katicatanya2.fmfejlesztes.hu\/en\/wp-json\/wp\/v2\/pages\/3441\/revisions"}],"predecessor-version":[{"id":3442,"href":"https:\/\/katicatanya2.fmfejlesztes.hu\/en\/wp-json\/wp\/v2\/pages\/3441\/revisions\/3442"}],"wp:attachment":[{"href":"https:\/\/katicatanya2.fmfejlesztes.hu\/en\/wp-json\/wp\/v2\/media?parent=3441"}],"curies":[{"name":"wp","href":"https:\/\/api.w.org\/{rel}","templated":true}]}}