{"id":3423,"date":"2026-04-01T12:04:56","date_gmt":"2026-04-01T10:04:56","guid":{"rendered":"https:\/\/katicatanya2.fmfejlesztes.hu\/?page_id=3423"},"modified":"2026-04-01T12:06:44","modified_gmt":"2026-04-01T10:06:44","slug":"ajanlatkeres","status":"publish","type":"page","link":"https:\/\/katicatanya2.fmfejlesztes.hu\/en\/ajanlatkeres\/","title":{"rendered":"Aj\u00e1nlatk\u00e9r\u00e9s"},"content":{"rendered":"","protected":false},"excerpt":{"rendered":"","protected":false},"author":1,"featured_media":0,"parent":0,"menu_order":0,"comment_status":"closed","ping_status":"closed","template":"","meta":{"_acf_changed":false,"footnotes":""},"class_list":["post-3423","page","type-page","status-publish","hentry"],"acf":[],"_links":{"self":[{"href":"https:\/\/katicatanya2.fmfejlesztes.hu\/en\/wp-json\/wp\/v2\/pages\/3423","targetHints":{"allow":["GET"]}}],"collection":[{"href":"https:\/\/katicatanya2.fmfejlesztes.hu\/en\/wp-json\/wp\/v2\/pages"}],"about":[{"href":"https:\/\/katicatanya2.fmfejlesztes.hu\/en\/wp-json\/wp\/v2\/types\/page"}],"author":[{"embeddable":true,"href":"https:\/\/katicatanya2.fmfejlesztes.hu\/en\/wp-json\/wp\/v2\/users\/1"}],"replies":[{"embeddable":true,"href":"https:\/\/katicatanya2.fmfejlesztes.hu\/en\/wp-json\/wp\/v2\/comments?post=3423"}],"version-history":[{"count":1,"href":"https:\/\/katicatanya2.fmfejlesztes.hu\/en\/wp-json\/wp\/v2\/pages\/3423\/revisions"}],"predecessor-version":[{"id":3424,"href":"https:\/\/katicatanya2.fmfejlesztes.hu\/en\/wp-json\/wp\/v2\/pages\/3423\/revisions\/3424"}],"wp:attachment":[{"href":"https:\/\/katicatanya2.fmfejlesztes.hu\/en\/wp-json\/wp\/v2\/media?parent=3423"}],"curies":[{"name":"wp","href":"https:\/\/api.w.org\/{rel}","templated":true}]}}