{"id":3382,"date":"2026-03-31T16:10:33","date_gmt":"2026-03-31T14:10:33","guid":{"rendered":"https:\/\/katicatanya2.fmfejlesztes.hu\/?page_id=3382"},"modified":"2026-03-31T16:10:37","modified_gmt":"2026-03-31T14:10:37","slug":"egynapos-csoportos-latogatas-regisztracioja","status":"publish","type":"page","link":"https:\/\/katicatanya2.fmfejlesztes.hu\/en\/egynapos-csoportos-latogatas-regisztracioja\/","title":{"rendered":"Egynapos csoportos l\u00e1togat\u00e1s regisztr\u00e1ci\u00f3ja"},"content":{"rendered":"","protected":false},"excerpt":{"rendered":"","protected":false},"author":1,"featured_media":0,"parent":0,"menu_order":0,"comment_status":"closed","ping_status":"closed","template":"","meta":{"_acf_changed":false,"footnotes":""},"class_list":["post-3382","page","type-page","status-publish","hentry"],"acf":[],"_links":{"self":[{"href":"https:\/\/katicatanya2.fmfejlesztes.hu\/en\/wp-json\/wp\/v2\/pages\/3382","targetHints":{"allow":["GET"]}}],"collection":[{"href":"https:\/\/katicatanya2.fmfejlesztes.hu\/en\/wp-json\/wp\/v2\/pages"}],"about":[{"href":"https:\/\/katicatanya2.fmfejlesztes.hu\/en\/wp-json\/wp\/v2\/types\/page"}],"author":[{"embeddable":true,"href":"https:\/\/katicatanya2.fmfejlesztes.hu\/en\/wp-json\/wp\/v2\/users\/1"}],"replies":[{"embeddable":true,"href":"https:\/\/katicatanya2.fmfejlesztes.hu\/en\/wp-json\/wp\/v2\/comments?post=3382"}],"version-history":[{"count":1,"href":"https:\/\/katicatanya2.fmfejlesztes.hu\/en\/wp-json\/wp\/v2\/pages\/3382\/revisions"}],"predecessor-version":[{"id":3383,"href":"https:\/\/katicatanya2.fmfejlesztes.hu\/en\/wp-json\/wp\/v2\/pages\/3382\/revisions\/3383"}],"wp:attachment":[{"href":"https:\/\/katicatanya2.fmfejlesztes.hu\/en\/wp-json\/wp\/v2\/media?parent=3382"}],"curies":[{"name":"wp","href":"https:\/\/api.w.org\/{rel}","templated":true}]}}